{"id":93,"date":"2024-01-16T20:21:35","date_gmt":"2024-01-16T20:21:35","guid":{"rendered":"https:\/\/nakiservices.ml\/?page_id=93"},"modified":"2024-01-18T01:06:13","modified_gmt":"2024-01-18T01:06:13","slug":"cgv","status":"publish","type":"page","link":"https:\/\/nakiservices.ml\/?page_id=93","title":{"rendered":"CGV"},"content":{"rendered":"<p>[et_pb_section fb_built=\u00a0\u00bb1&Prime; _builder_version=\u00a0\u00bb4.9.3&Prime; _module_preset=\u00a0\u00bbdefault\u00a0\u00bb top_divider_style=\u00a0\u00bbslant2&Prime; top_divider_color=\u00a0\u00bb#E09900&Prime;][et_pb_row _builder_version=\u00a0\u00bb4.9.3&Prime; _module_preset=\u00a0\u00bbdefault\u00a0\u00bb][et_pb_column type=\u00a0\u00bb4_4&Prime; _builder_version=\u00a0\u00bb4.9.3&Prime; _module_preset=\u00a0\u00bbdefault\u00a0\u00bb][et_pb_text _builder_version=\u00a0\u00bb4.9.3&Prime; _module_preset=\u00a0\u00bbdefault\u00a0\u00bb text_font=\u00a0\u00bbTrebuchet||||||||\u00a0\u00bb text_font_size=\u00a0\u00bb15px\u00a0\u00bb hover_enabled=\u00a0\u00bb0&Prime; sticky_enabled=\u00a0\u00bb0&Prime;]<\/p>\n<h1><strong>Conditions g\u00e9n\u00e9rales de vente<\/strong><\/h1>\n<p>Voici nos conditions g\u00e9n\u00e9rales de vente. Ces conditions sont importantes pour assurer la meilleure relation avec nos clients, c\u2019est-\u00e0-dire pour d\u00e9fendre \u00e0 la fois vos int\u00e9r\u00eats et les n\u00f4tres.<\/p>\n<h2><strong>\u00a7 1 Domaine d\u2019application, informations client<\/strong><\/h2>\n<p>Les conditions g\u00e9n\u00e9rales suivantes expliquent (c\u2019est-\u00e0-dire r\u00e9gissent en termes juridiques) comment les relations contractuelles se d\u00e9roulent entre nous (la soci\u00e9t\u00e9 Naki Services) et les particuliers ou professionnels qui ach\u00e8tent des biens par l\u2019interm\u00e9diaire de notre site en ligne nakiservices.ml. Nous pr\u00e9cisions ici que nous ne reconnaissons que les pr\u00e9sentes conditions, et non toutes autres, en particulier des conditions qui seraient en contradiction ou qui divergeraient des pr\u00e9sentes. La langue valide en est le Fran\u00e7ais et l&rsquo;Anglais.<\/p>\n<h2><strong>\u00a7 2 Conclusion du contrat entre nous et le client<\/strong><\/h2>\n<p>(1) Les offres sur internet sont une invitation non contraignante pour vous d\u2019acheter des biens (notamment nos bons fruits !).<\/p>\n<p>(2) Vous pouvez commander plusieurs produits dans le devis que vous nous faites parvenir. Au cours du processus de commande, vous serez amen\u00e9 \u00e0 entrer vos donn\u00e9es, les modalit\u00e9s de livraison, etc. Ce n\u2019est qu\u2019apr\u00e8s validation de votre devis que offre sera juridiquement ferme qui conclut le contrat d\u2019achat.<\/p>\n<p>(3) La confirmation de commande, que nous envoyons sans d\u00e9lai par e-mail, vaut acceptation de l\u2019offre par nous et donc conclusion du contrat d\u2019achat.<\/p>\n<h2><strong>\u00a7 3 Informations client : stockage des donn\u00e9es de ta commande<\/strong><\/h2>\n<p>Votre commande avec les d\u00e9tails de la vente (par exemple le type de produit, les prix, etc.) seront stock\u00e9es par nous. Vous pouvez consulter les conditions g\u00e9n\u00e9rales apr\u00e8s ou avant, ou \u00e0 tout moment, via notre site Web nakiservices.ml.<\/p>\n<h2><strong>\u00a7 4 Donn\u00e9es du client : possibilit\u00e9 de correction<\/strong><\/h2>\n<p>Vous pouvez corriger les donn\u00e9es de commande que vous nous avez indiqu\u00e9es \u00e0 tout moment avant de finaliser celle-ci. Naki Services vous informera, au cours du processus de commande, des options de correction suppl\u00e9mentaires.<\/p>\n<h2><strong>\u00a7 5 R\u00e9serve de propri\u00e9t\u00e9<\/strong><\/h2>\n<p>L\u2019objet de l\u2019achat (c\u2019est-\u00e0-dire les fruits et autres de nos produits) reste notre propri\u00e9t\u00e9 jusqu\u2019au paiement int\u00e9gral.<\/p>\n<h2><strong>\u00a7 6 Limitation de responsabilit\u00e9<\/strong><\/h2>\n<p>Et voil\u00e0 une partie \u00e9galement obligatoire : Naki Services excluons toute responsabilit\u00e9 en cas de manquement l\u00e9ger au devoir, dans la mesure o\u00f9 il ne s\u2019agit pas d\u2019obligations contractuelles essentielles, de dommages r\u00e9sultant d\u2019une atteinte \u00e0 la vie, de dommages corporels ou \u00e0 la sant\u00e9, de garanties ou de r\u00e9clamations en vertu de la Loi sur la responsabilit\u00e9 du fabricant. Il en va de m\u00eame pour les manquements \u00e0 l\u2019obligation de nos agents d\u2019ex\u00e9cution et de nos repr\u00e9sentants l\u00e9gaux. L\u2019une des obligations contractuelles essentielles est l\u2019obligation de te remettre les biens et de t\u2019en accorder la propri\u00e9t\u00e9. De plus, Naki Services devra acqu\u00e9rir la mati\u00e8re sans d\u00e9fauts mat\u00e9riels et l\u00e9gaux.<\/p>\n<h2><strong>\u00a7 7 Comp\u00e9tence commerciale<\/strong><\/h2>\n<p>Si vous \u00eates un commer\u00e7ant, c\u2019est au si\u00e8ge social de Naki Services qui est le lieu de juridiction exclusif pour tous les litiges d\u00e9coulant de ce contrat.<\/p>\n<h2><strong>\u00a7 8 Informations du consommateur : non-participation \u00e0 une proc\u00e9dure de r\u00e9solution d\u2019un litige<\/strong><\/h2>\n<p>Et pour finir, il est indispensable de pr\u00e9ciser que Naki Services n&rsquo;est ni dispos\u00e9s ni oblig\u00e9s de participer \u00e0 une proc\u00e9dure de r\u00e8glement des diff\u00e9rends devant un conseil d\u2019arbitrage de consommation.<\/p>\n<p>[\/et_pb_text][\/et_pb_column][\/et_pb_row][\/et_pb_section][et_pb_section fb_built=\u00a0\u00bb1&Prime; _builder_version=\u00a0\u00bb4.9.3&Prime; _module_preset=\u00a0\u00bbdefault\u00a0\u00bb background_color=\u00a0\u00bb#E09900&Prime; custom_margin=\u00a0\u00bb64px|||||\u00a0\u00bb custom_padding=\u00a0\u00bb30px||28px|||\u00a0\u00bb top_divider_style=\u00a0\u00bbcurve2&Prime; top_divider_color=\u00a0\u00bb#FFFFFF\u00a0\u00bb global_module=\u00a0\u00bb127&Prime; saved_tabs=\u00a0\u00bball\u00a0\u00bb][et_pb_row column_structure=\u00a0\u00bb1_2,1_2&Prime; _builder_version=\u00a0\u00bb4.9.3&Prime; _module_preset=\u00a0\u00bbdefault\u00a0\u00bb][et_pb_column type=\u00a0\u00bb1_2&Prime; _builder_version=\u00a0\u00bb4.9.3&Prime; _module_preset=\u00a0\u00bbdefault\u00a0\u00bb][et_pb_text _builder_version=\u00a0\u00bb4.9.3&Prime; _module_preset=\u00a0\u00bbdefault\u00a0\u00bb text_font=\u00a0\u00bbTrebuchet|600|||||||\u00a0\u00bb text_text_color=\u00a0\u00bb#000000&Prime; text_font_size=\u00a0\u00bb16px\u00a0\u00bb]<\/p>\n<p>Tel : +223 66 73 65 84 &#8211; 76 29 31 27 &#8211; 66 29 31 27<br \/>E-mail : bibatamaiga179@gmail.com<br \/>Adresse : Niamana pr\u00e8s des eaux et forets &#8211; Bamako &#8211; Mali<\/p>\n<p>Naki Services @ 2024 Tous droits r\u00e9serv\u00e9s<\/p>\n<p>[\/et_pb_text][\/et_pb_column][et_pb_column type=\u00a0\u00bb1_2&Prime; _builder_version=\u00a0\u00bb4.9.3&Prime; _module_preset=\u00a0\u00bbdefault\u00a0\u00bb][et_pb_button button_url=\u00a0\u00bb@ET-DC@eyJkeW5hbWljIjp0cnVlLCJjb250ZW50IjoicG9zdF9saW5rX3VybF9wYWdlIiwic2V0dGluZ3MiOnsicG9zdF9pZCI6IjkzIn19@\u00a0\u00bb button_text=\u00a0\u00bbCGV\u00a0\u00bb _builder_version=\u00a0\u00bb4.9.3&Prime; _dynamic_attributes=\u00a0\u00bbbutton_url\u00a0\u00bb _module_preset=\u00a0\u00bbdefault\u00a0\u00bb custom_button=\u00a0\u00bbon\u00a0\u00bb button_text_size=\u00a0\u00bb17px\u00a0\u00bb button_text_color=\u00a0\u00bb#000000&Prime; button_border_width=\u00a0\u00bb0px\u00a0\u00bb button_font=\u00a0\u00bbTrebuchet||||on||||\u00a0\u00bb button_use_icon=\u00a0\u00bboff\u00a0\u00bb custom_margin=\u00a0\u00bb-8px|371px|11px|||\u00a0\u00bb custom_padding=\u00a0\u00bb0px||0px|||\u00a0\u00bb][\/et_pb_button][et_pb_button button_url=\u00a0\u00bb@ET-DC@eyJkeW5hbWljIjp0cnVlLCJjb250ZW50IjoicG9zdF9saW5rX3VybF9wYWdlIiwic2V0dGluZ3MiOnsicG9zdF9pZCI6IjEzOSJ9fQ==@\u00a0\u00bb button_text=\u00a0\u00bbMentions l\u00e9gales\u00a0\u00bb _builder_version=\u00a0\u00bb4.9.3&Prime; _dynamic_attributes=\u00a0\u00bbbutton_url\u00a0\u00bb _module_preset=\u00a0\u00bbdefault\u00a0\u00bb custom_button=\u00a0\u00bbon\u00a0\u00bb button_text_size=\u00a0\u00bb17px\u00a0\u00bb button_text_color=\u00a0\u00bb#000000&Prime; button_border_width=\u00a0\u00bb0px\u00a0\u00bb button_font=\u00a0\u00bbTrebuchet||||on||||\u00a0\u00bb button_use_icon=\u00a0\u00bboff\u00a0\u00bb custom_margin=\u00a0\u00bb-13px|347px||||\u00a0\u00bb custom_padding=\u00a0\u00bb0px|||||\u00a0\u00bb][\/et_pb_button][et_pb_button button_url=\u00a0\u00bb@ET-DC@eyJkeW5hbWljIjp0cnVlLCJjb250ZW50IjoicG9zdF9saW5rX3VybF9wYWdlIiwic2V0dGluZ3MiOnsicG9zdF9pZCI6IjIyNiJ9fQ==@\u00a0\u00bb button_text=\u00a0\u00bbLivraison\u00a0\u00bb _builder_version=\u00a0\u00bb4.9.3&Prime; _dynamic_attributes=\u00a0\u00bbbutton_url\u00a0\u00bb _module_preset=\u00a0\u00bbdefault\u00a0\u00bb custom_button=\u00a0\u00bbon\u00a0\u00bb button_text_size=\u00a0\u00bb17px\u00a0\u00bb button_text_color=\u00a0\u00bb#000000&Prime; button_border_width=\u00a0\u00bb0px\u00a0\u00bb button_font=\u00a0\u00bbTrebuchet||||on||||\u00a0\u00bb button_use_icon=\u00a0\u00bboff\u00a0\u00bb custom_margin=\u00a0\u00bb-34px|368px||||\u00a0\u00bb custom_padding=\u00a0\u00bb0px|||||\u00a0\u00bb][\/et_pb_button][et_pb_button button_url=\u00a0\u00bb@ET-DC@eyJkeW5hbWljIjp0cnVlLCJjb250ZW50IjoicG9zdF9saW5rX3VybF9wYWdlIiwic2V0dGluZ3MiOnsicG9zdF9pZCI6IjMifX0=@\u00a0\u00bb button_text=\u00a0\u00bbPolitique de confidentialit\u00e9\u00a0\u00bb _builder_version=\u00a0\u00bb4.9.3&Prime; _dynamic_attributes=\u00a0\u00bbbutton_url\u00a0\u00bb _module_preset=\u00a0\u00bbdefault\u00a0\u00bb custom_button=\u00a0\u00bbon\u00a0\u00bb button_text_size=\u00a0\u00bb17px\u00a0\u00bb button_text_color=\u00a0\u00bb#000000&Prime; button_border_width=\u00a0\u00bb0px\u00a0\u00bb button_font=\u00a0\u00bbTrebuchet||||on||||\u00a0\u00bb button_use_icon=\u00a0\u00bboff\u00a0\u00bb custom_margin=\u00a0\u00bb-34px|13px||||\u00a0\u00bb custom_padding=\u00a0\u00bb0px|||||\u00a0\u00bb][\/et_pb_button][\/et_pb_column][\/et_pb_row][\/et_pb_section]<\/p>\n","protected":false},"excerpt":{"rendered":"<p>Conditions g\u00e9n\u00e9rales de vente Voici nos conditions g\u00e9n\u00e9rales de vente. Ces conditions sont importantes pour assurer la meilleure relation avec nos clients, c\u2019est-\u00e0-dire pour d\u00e9fendre \u00e0 la fois vos int\u00e9r\u00eats et les n\u00f4tres. \u00a7 1 Domaine d\u2019application, informations client Les conditions g\u00e9n\u00e9rales suivantes expliquent (c\u2019est-\u00e0-dire r\u00e9gissent en termes juridiques) comment les relations contractuelles se d\u00e9roulent [&hellip;]<\/p>\n","protected":false},"author":1,"featured_media":0,"parent":0,"menu_order":0,"comment_status":"closed","ping_status":"closed","template":"","meta":{"_et_pb_use_builder":"on","_et_pb_old_content":"","_et_gb_content_width":"","footnotes":""},"class_list":["post-93","page","type-page","status-publish","hentry"],"_links":{"self":[{"href":"https:\/\/nakiservices.ml\/index.php?rest_route=\/wp\/v2\/pages\/93","targetHints":{"allow":["GET"]}}],"collection":[{"href":"https:\/\/nakiservices.ml\/index.php?rest_route=\/wp\/v2\/pages"}],"about":[{"href":"https:\/\/nakiservices.ml\/index.php?rest_route=\/wp\/v2\/types\/page"}],"author":[{"embeddable":true,"href":"https:\/\/nakiservices.ml\/index.php?rest_route=\/wp\/v2\/users\/1"}],"replies":[{"embeddable":true,"href":"https:\/\/nakiservices.ml\/index.php?rest_route=%2Fwp%2Fv2%2Fcomments&post=93"}],"version-history":[{"count":8,"href":"https:\/\/nakiservices.ml\/index.php?rest_route=\/wp\/v2\/pages\/93\/revisions"}],"predecessor-version":[{"id":292,"href":"https:\/\/nakiservices.ml\/index.php?rest_route=\/wp\/v2\/pages\/93\/revisions\/292"}],"wp:attachment":[{"href":"https:\/\/nakiservices.ml\/index.php?rest_route=%2Fwp%2Fv2%2Fmedia&parent=93"}],"curies":[{"name":"wp","href":"https:\/\/api.w.org\/{rel}","templated":true}]}}