{"id":3,"date":"2024-01-15T13:03:58","date_gmt":"2024-01-15T13:03:58","guid":{"rendered":"https:\/\/nakiservices.ml\/?page_id=3"},"modified":"2024-01-18T00:19:06","modified_gmt":"2024-01-18T00:19:06","slug":"privacy-policy","status":"publish","type":"page","link":"https:\/\/nakiservices.ml\/?page_id=3","title":{"rendered":"Politique de confidentialit\u00e9"},"content":{"rendered":"[et_pb_section fb_built=\u00a0\u00bb1&Prime; admin_label=\u00a0\u00bbsection\u00a0\u00bb _builder_version=\u00a0\u00bb4.9.3&Prime; hover_enabled=\u00a0\u00bb0&Prime; top_divider_style=\u00a0\u00bbslant2&Prime; top_divider_color=\u00a0\u00bb#E09900&Prime; sticky_enabled=\u00a0\u00bb0&Prime; custom_padding=\u00a0\u00bb76px|||||\u00a0\u00bb top_divider_flip=\u00a0\u00bbhorizontal|vertical\u00a0\u00bb][et_pb_row admin_label=\u00a0\u00bbrow\u00a0\u00bb _builder_version=\u00a0\u00bb3.25&Prime; background_size=\u00a0\u00bbinitial\u00a0\u00bb background_position=\u00a0\u00bbtop_left\u00a0\u00bb background_repeat=\u00a0\u00bbrepeat\u00a0\u00bb][et_pb_column type=\u00a0\u00bb4_4&Prime; _builder_version=\u00a0\u00bb3.25&Prime; custom_padding=\u00a0\u00bb|||\u00a0\u00bb custom_padding__hover=\u00a0\u00bb|||\u00a0\u00bb][et_pb_text admin_label=\u00a0\u00bbText\u00a0\u00bb _builder_version=\u00a0\u00bb4.9.3&Prime; text_font=\u00a0\u00bbTrebuchet||||||||\u00a0\u00bb text_font_size=\u00a0\u00bb18px\u00a0\u00bb background_size=\u00a0\u00bbinitial\u00a0\u00bb background_position=\u00a0\u00bbtop_left\u00a0\u00bb background_repeat=\u00a0\u00bbrepeat\u00a0\u00bb hover_enabled=\u00a0\u00bb0&Prime; sticky_enabled=\u00a0\u00bb0&Prime; header_font=\u00a0\u00bbTrebuchet||||||||\u00a0\u00bb]<p><\/p>\n<header class=\"page-header\">\n<h1 class=\"wp-block-heading\"><strong>Politique de confidentialit\u00e9<\/strong><\/h1>\n<\/header>\n<section id=\"content\" class=\"page-content page-cms page-cms-225\">\n<h2><strong>PROTECTION DES DONN\u00c9ES PERSONNELLES :<\/strong><\/h2>\n<p>En conformit\u00e9 avec le R\u00e8glement G\u00e9n\u00e9ral sur la Protection des Donn\u00e9es (RGPD), les utilisateurs du site peuvent contacter le webmestre par courriel \u00e0 nakiservicesml@gmail.com.<\/p>\n<p>La soci\u00e9t\u00e9 NAKI SERVICES s\u2019engage \u00e0 pr\u00e9server la confidentialit\u00e9 des informations fournies en ligne par l\u2019internaute.<\/p>\n<h2><strong><br \/>POLITIQUE D\u2019UTILISATION DES COOKIES<\/strong><\/h2>\n<h3><strong><br \/>A propos des cookies<\/strong><\/h3>\n<p>Cette page explique ce que sont les \u00ab cookies \u00bb et les types de cookies utilis\u00e9s sur notre site internet.<\/p>\n<h3><strong><br \/>Que sont les cookies ?<\/strong><\/h3>\n<p>Pour tout savoir sur les cookies, vos traces, vos droits, cliquez ici :\u00a0<a href=\"https:\/\/www.cnil.fr\/fr\/maitriser-mes-donnees\" target=\"_blank\" rel=\"noreferrer noopener\">https:\/\/www.cnil.fr\/fr\/maitriser-mes-donnees<\/a>.<\/p>\n<p>La CNIL d\u00e9finit les cookies comme \u00e9tant : \u00ab\u00a0l\u2019ensemble des traceurs d\u00e9pos\u00e9s et \/ ou lus, par exemple, lors de la consultation d\u2019un site internet, de la lecture d\u2019un courrier \u00e9lectronique, de l\u2019installation ou de l\u2019utilisation d\u2019un logiciel ou d\u2019une application mobile.<br \/>La loi s\u2019applique quel que soit le type de terminal utilis\u00e9 et concerne par exemple, les traceurs d\u00e9pos\u00e9s sur les ordinateurs, smartphones, tablettes num\u00e9riques et consoles de jeux vid\u00e9os connect\u00e9es \u00e0 Internet.\u00a0\u00bb<\/p>\n<h3><strong><br \/>Quels sont les diff\u00e9rents types de cookies ?<\/strong><\/h3>\n<p><strong>Cookies fonctionnels :<\/strong>\u00a0ces cookies permettent de se souvenir des choix que auriez pu faire lors de vos pr\u00e9c\u00e9dentes visites, en vue de faciliter le temps de chargement de nos pages par exemple.<\/p>\n<p><strong>Cookies tiers :<\/strong><\/p>\n<p>Il s\u2019agit des cookies d\u00e9pos\u00e9s sur votre terminal par des soci\u00e9t\u00e9s tierces (par exemple des outils ou partenaires) lorsque vous naviguez sur le site makiservices.ml.<br \/>Nous veillons \u00e0 ce que les soci\u00e9t\u00e9s tierces respectent strictement le R\u00e8glement G\u00e9n\u00e9ral sur la Protection des Donn\u00e9es (RGPD) et s\u2019engagent \u00e0 mettre en \u0153uvre des mesures appropri\u00e9es de s\u00e9curisation et au traitement des donn\u00e9es \u00e0 caract\u00e8re personnel.<\/p>\n<p>Les cookies de Webanalytics nous permettent d\u2019obtenir des statistiques de fr\u00e9quentation anonyme de notre site afin de l\u2019optimiser et d\u2019offrir la meilleure exp\u00e9rience utilisateur possible. Nous utilisons\u00a0\u00e9galement Google Analytics.<\/p>\n<p>Notre site\u00a0https:\/\/www.achat-vente-palmiers.com\u00a0est \u00e9galement susceptible d\u2019utiliser des pop-up et boutons de partage vers les r\u00e9seaux sociaux, par exemple Facebook et Twitter :<\/p>\n<p>\u2013 Nous vous invitons \u00e0 consulter les r\u00e8gles de gestion des donn\u00e9es personnelles sur Facebook :\u00a0<a href=\"https:\/\/www.facebook.com\/help\/cookies\/\" target=\"_blank\" rel=\"noreferrer noopener\">https:\/\/www.facebook.com\/help\/cookies\/<\/a><br \/>\u2013 Nous vous invitons \u00e0 consulter les r\u00e8gles de gestion des donn\u00e9es personnelles sur Twitter:\u00a0<a href=\"https:\/\/help.twitter.com\/fr\/rules-and-policies\/twitter-cookies\" target=\"_blank\" rel=\"noreferrer noopener\">https:\/\/help.twitter.com\/fr\/rules-and-policies\/twitter-cookies<\/a><\/p>\n<p>D\u00e9sactiver ces cookies emp\u00eache donc toute interaction avec les r\u00e9seaux sociaux.<\/p>\n<h3><strong><br \/>Comment puis-je d\u00e9sactiver ou supprimer les cookies ?<\/strong><\/h3>\n<p>La proc\u00e9dure est diff\u00e9rente selon le navigateur que vous utilisez :<\/p>\n<p>Internet explorer :\u00a0<a href=\"https:\/\/support.microsoft.com\/fr-fr\/help\/17442\/windows-internet-explorer-delete-manage-cookies\" target=\"_blank\" rel=\"noreferrer noopener\">https:\/\/support.microsoft.com\/fr-fr\/help\/17442\/windows-internet-explorer-delete-manage-cookies<\/a><\/p>\n<p>Google Chrome :\u00a0<a href=\"https:\/\/support.google.com\/chrome\/answer\/95647?co=GENIE.Platform%3DDesktop&amp;hl=fr\" target=\"_blank\" rel=\"noreferrer noopener\">https:\/\/support.google.com\/chrome\/answer\/95647?co=GENIE.Platform%3DDesktop&amp;hl=fr<\/a><\/p>\n<p>Mozilla Firefox :\u00a0<a href=\"https:\/\/support.mozilla.org\/en-US\/kb\/enable-and-disable-cookies-website-preferences\" target=\"_blank\" rel=\"noreferrer noopener\">https:\/\/support.mozilla.org\/en-US\/kb\/enable-and-disable-cookies-website-preferences<\/a><\/p>\n<p>Apple Safari :\u00a0<a href=\"https:\/\/support.apple.com\/kb\/ph21411?locale=fr_CA\" target=\"_blank\" rel=\"noreferrer noopener\">https:\/\/support.apple.com\/kb\/ph21411?locale=fr_CA<\/a><\/p>\n<h2><\/h2>\n<h2>UTILISATION DES DONN\u00c9ES PERSONNELLES COLLECT\u00c9ES<\/h2>\n<h3>Statistiques et mesures d\u2019audience<\/h3>\n<p>La dur\u00e9e de\u00a0conservation des donn\u00e9es sur les utilisateurs et les \u00e9v\u00e9nements est fix\u00e9e \u00e0 38 mois (Google Analytics).\u00a0Pour bloquer l\u2019utilisation des donn\u00e9es par Google Analytics :\u00a0<a href=\"https:\/\/tools.google.com\/dlpage\/gaoptout\">https:\/\/tools.google.com\/dlpage\/gaoptout<\/a><\/p>\n<h3><\/h3>\n<h2><strong>TRANSMISSION DE VOS DONN\u00c9ES PERSONNELLES<\/strong><\/h2>\n<p>Nous ne divulguons, ni ne vendons, ni ne partageons aucune de vos donn\u00e9es quelles qu\u2019elles soient, hormis avec nos partenaires d&rsquo;exp\u00e9dition, et uniquement \u00e0 des fins de livraison. Cela vaut pour toutes vos donn\u00e9es personnelles (nom, pr\u00e9nom, email, adresse, t\u00e9l\u00e9phone\u2026 etc.).<\/p>\n<p>Les donn\u00e9es personnelles\u00a0sont utilis\u00e9es uniquement pour\u00a0g\u00e9rer\u00a0vos commandes et les exp\u00e9dier.<\/p>\n<p>&nbsp;<\/p>\n<h2><strong>UN ARCHIVAGE S\u00c9CURIS\u00c9<\/strong><\/h2>\n<p>Sous r\u00e9serve d\u2019acceptation par l\u2019internaute, des mesures techniques et organisationnelles sont pr\u00e9vues pour prot\u00e9ger les donn\u00e9es collect\u00e9es (destruction, perte, alt\u00e9ration, diffusion ou acc\u00e8s non autoris\u00e9s\u2026).<\/p>\n<p>&nbsp;<\/p>\n<h2><strong>LES DROITS QUE VOUS AVEZ SUR VOS DONN\u00c9ES<\/strong><\/h2>\n<p>Conform\u00e9ment au R\u00e8glement G\u00e9n\u00e9ral sur la Protection des Donn\u00e9es (RGPD), contactez-nous pour toute question quant au traitement de vos donn\u00e9es personnelles ou pour nous en demander la suppression : nakiservicesml@gmail.com<\/p>\n<\/section>\n<p>&nbsp;<\/p>\n<p><\/p>[\/et_pb_text][\/et_pb_column][\/et_pb_row][\/et_pb_section][et_pb_section fb_built=\u00a0\u00bb1&Prime; _builder_version=\u00a0\u00bb4.9.3&Prime; _module_preset=\u00a0\u00bbdefault\u00a0\u00bb background_color=\u00a0\u00bb#E09900&Prime; custom_padding=\u00a0\u00bb30px||28px|||\u00a0\u00bb top_divider_style=\u00a0\u00bbcurve2&Prime; top_divider_color=\u00a0\u00bb#FFFFFF\u00a0\u00bb global_module=\u00a0\u00bb127&Prime; saved_tabs=\u00a0\u00bball\u00a0\u00bb custom_margin=\u00a0\u00bb63px|||||\u00a0\u00bb][et_pb_row column_structure=\u00a0\u00bb1_2,1_2&Prime; _builder_version=\u00a0\u00bb4.9.3&Prime; _module_preset=\u00a0\u00bbdefault\u00a0\u00bb][et_pb_column type=\u00a0\u00bb1_2&Prime; _builder_version=\u00a0\u00bb4.9.3&Prime; _module_preset=\u00a0\u00bbdefault\u00a0\u00bb][et_pb_text _builder_version=\u00a0\u00bb4.9.3&Prime; _module_preset=\u00a0\u00bbdefault\u00a0\u00bb text_font=\u00a0\u00bbTrebuchet|600|||||||\u00a0\u00bb text_text_color=\u00a0\u00bb#000000&Prime; text_font_size=\u00a0\u00bb16px\u00a0\u00bb]<p>Tel : +223 66 73 65 84 &#8211; 76 29 31 27 &#8211; 66 29 31 27<br \/>E-mail : bibatamaiga179@gmail.com<br \/>Adresse : Niamana pr\u00e8s des eaux et forets &#8211; Bamako &#8211; Mali<\/p>\n<p>Naki Services @ 2024 Tous droits r\u00e9serv\u00e9s<\/p>[\/et_pb_text][\/et_pb_column][et_pb_column type=\u00a0\u00bb1_2&Prime; _builder_version=\u00a0\u00bb4.9.3&Prime; _module_preset=\u00a0\u00bbdefault\u00a0\u00bb][et_pb_button button_url=\u00a0\u00bb@ET-DC@eyJkeW5hbWljIjp0cnVlLCJjb250ZW50IjoicG9zdF9saW5rX3VybF9wYWdlIiwic2V0dGluZ3MiOnsicG9zdF9pZCI6IjkzIn19@\u00a0\u00bb button_text=\u00a0\u00bbCGV\u00a0\u00bb _builder_version=\u00a0\u00bb4.9.3&Prime; _dynamic_attributes=\u00a0\u00bbbutton_url\u00a0\u00bb _module_preset=\u00a0\u00bbdefault\u00a0\u00bb custom_button=\u00a0\u00bbon\u00a0\u00bb button_text_size=\u00a0\u00bb17px\u00a0\u00bb button_text_color=\u00a0\u00bb#000000&Prime; button_border_width=\u00a0\u00bb0px\u00a0\u00bb button_font=\u00a0\u00bbTrebuchet||||on||||\u00a0\u00bb button_use_icon=\u00a0\u00bboff\u00a0\u00bb custom_margin=\u00a0\u00bb-8px|371px|11px|||\u00a0\u00bb custom_padding=\u00a0\u00bb0px||0px|||\u00a0\u00bb][\/et_pb_button][et_pb_button button_url=\u00a0\u00bb@ET-DC@eyJkeW5hbWljIjp0cnVlLCJjb250ZW50IjoicG9zdF9saW5rX3VybF9wYWdlIiwic2V0dGluZ3MiOnsicG9zdF9pZCI6IjEzOSJ9fQ==@\u00a0\u00bb button_text=\u00a0\u00bbMentions l\u00e9gales\u00a0\u00bb _builder_version=\u00a0\u00bb4.9.3&Prime; _dynamic_attributes=\u00a0\u00bbbutton_url\u00a0\u00bb _module_preset=\u00a0\u00bbdefault\u00a0\u00bb custom_button=\u00a0\u00bbon\u00a0\u00bb button_text_size=\u00a0\u00bb17px\u00a0\u00bb button_text_color=\u00a0\u00bb#000000&Prime; button_border_width=\u00a0\u00bb0px\u00a0\u00bb button_font=\u00a0\u00bbTrebuchet||||on||||\u00a0\u00bb button_use_icon=\u00a0\u00bboff\u00a0\u00bb custom_margin=\u00a0\u00bb-13px|347px||||\u00a0\u00bb custom_padding=\u00a0\u00bb0px|||||\u00a0\u00bb][\/et_pb_button][et_pb_button button_url=\u00a0\u00bb@ET-DC@eyJkeW5hbWljIjp0cnVlLCJjb250ZW50IjoicG9zdF9saW5rX3VybF9wYWdlIiwic2V0dGluZ3MiOnsicG9zdF9pZCI6IjIyNiJ9fQ==@\u00a0\u00bb button_text=\u00a0\u00bbLivraison\u00a0\u00bb _builder_version=\u00a0\u00bb4.9.3&Prime; _dynamic_attributes=\u00a0\u00bbbutton_url\u00a0\u00bb _module_preset=\u00a0\u00bbdefault\u00a0\u00bb custom_button=\u00a0\u00bbon\u00a0\u00bb button_text_size=\u00a0\u00bb17px\u00a0\u00bb button_text_color=\u00a0\u00bb#000000&Prime; button_border_width=\u00a0\u00bb0px\u00a0\u00bb button_font=\u00a0\u00bbTrebuchet||||on||||\u00a0\u00bb button_use_icon=\u00a0\u00bboff\u00a0\u00bb custom_margin=\u00a0\u00bb-34px|368px||||\u00a0\u00bb custom_padding=\u00a0\u00bb0px|||||\u00a0\u00bb][\/et_pb_button][et_pb_button button_url=\u00a0\u00bb@ET-DC@eyJkeW5hbWljIjp0cnVlLCJjb250ZW50IjoicG9zdF9saW5rX3VybF9wYWdlIiwic2V0dGluZ3MiOnsicG9zdF9pZCI6IjMifX0=@\u00a0\u00bb button_text=\u00a0\u00bbPolitique de confidentialit\u00e9\u00a0\u00bb _builder_version=\u00a0\u00bb4.9.3&Prime; _dynamic_attributes=\u00a0\u00bbbutton_url\u00a0\u00bb _module_preset=\u00a0\u00bbdefault\u00a0\u00bb custom_button=\u00a0\u00bbon\u00a0\u00bb button_text_size=\u00a0\u00bb17px\u00a0\u00bb button_text_color=\u00a0\u00bb#000000&Prime; button_border_width=\u00a0\u00bb0px\u00a0\u00bb button_font=\u00a0\u00bbTrebuchet||||on||||\u00a0\u00bb button_use_icon=\u00a0\u00bboff\u00a0\u00bb custom_margin=\u00a0\u00bb-34px|13px||||\u00a0\u00bb custom_padding=\u00a0\u00bb0px|||||\u00a0\u00bb][\/et_pb_button][\/et_pb_column][\/et_pb_row][\/et_pb_section]","protected":false},"excerpt":{"rendered":"<p>Politique de confidentialit\u00e9 PROTECTION DES DONN\u00c9ES PERSONNELLES : En conformit\u00e9 avec le R\u00e8glement G\u00e9n\u00e9ral sur la Protection des Donn\u00e9es (RGPD), les utilisateurs du site peuvent contacter le webmestre par courriel \u00e0 nakiservicesml@gmail.com. La soci\u00e9t\u00e9 NAKI SERVICES s\u2019engage \u00e0 pr\u00e9server la confidentialit\u00e9 des informations fournies en ligne par l\u2019internaute. POLITIQUE D\u2019UTILISATION DES COOKIES A propos des [&hellip;]<\/p>\n","protected":false},"author":1,"featured_media":0,"parent":0,"menu_order":0,"comment_status":"closed","ping_status":"open","template":"","meta":{"_et_pb_use_builder":"on","_et_pb_old_content":"<!-- wp:heading --><h2>Who we are<\/h2><!-- \/wp:heading --><!-- wp:paragraph --><p><strong class=\"privacy-policy-tutorial\">Suggested text: <\/strong>Our website address is: https:\/\/nakiservices.ml.<\/p><!-- \/wp:paragraph --><!-- wp:heading --><h2>Comments<\/h2><!-- \/wp:heading --><!-- wp:paragraph --><p><strong class=\"privacy-policy-tutorial\">Suggested text: <\/strong>When visitors leave comments on the site we collect the data shown in the comments form, and also the visitor&#8217;s IP address and browser user agent string to help spam detection.<\/p><!-- \/wp:paragraph --><!-- wp:paragraph --><p>An anonymized string created from your email address (also called a hash) may be provided to the Gravatar service to see if you are using it. The Gravatar service privacy policy is available here: https:\/\/automattic.com\/privacy\/. After approval of your comment, your profile picture is visible to the public in the context of your comment.<\/p><!-- \/wp:paragraph --><!-- wp:heading --><h2>Media<\/h2><!-- \/wp:heading --><!-- wp:paragraph --><p><strong class=\"privacy-policy-tutorial\">Suggested text: <\/strong>If you upload images to the website, you should avoid uploading images with embedded location data (EXIF GPS) included. Visitors to the website can download and extract any location data from images on the website.<\/p><!-- \/wp:paragraph --><!-- wp:heading --><h2>Cookies<\/h2><!-- \/wp:heading --><!-- wp:paragraph --><p><strong class=\"privacy-policy-tutorial\">Suggested text: <\/strong>If you leave a comment on our site you may opt-in to saving your name, email address and website in cookies. These are for your convenience so that you do not have to fill in your details again when you leave another comment. These cookies will last for one year.<\/p><!-- \/wp:paragraph --><!-- wp:paragraph --><p>If you visit our login page, we will set a temporary cookie to determine if your browser accepts cookies. This cookie contains no personal data and is discarded when you close your browser.<\/p><!-- \/wp:paragraph --><!-- wp:paragraph --><p>When you log in, we will also set up several cookies to save your login information and your screen display choices. Login cookies last for two days, and screen options cookies last for a year. If you select &quot;Remember Me&quot;, your login will persist for two weeks. If you log out of your account, the login cookies will be removed.<\/p><!-- \/wp:paragraph --><!-- wp:paragraph --><p>If you edit or publish an article, an additional cookie will be saved in your browser. This cookie includes no personal data and simply indicates the post ID of the article you just edited. It expires after 1 day.<\/p><!-- \/wp:paragraph --><!-- wp:heading --><h2>Embedded content from other websites<\/h2><!-- \/wp:heading --><!-- wp:paragraph --><p><strong class=\"privacy-policy-tutorial\">Suggested text: <\/strong>Articles on this site may include embedded content (e.g. videos, images, articles, etc.). Embedded content from other websites behaves in the exact same way as if the visitor has visited the other website.<\/p><!-- \/wp:paragraph --><!-- wp:paragraph --><p>These websites may collect data about you, use cookies, embed additional third-party tracking, and monitor your interaction with that embedded content, including tracking your interaction with the embedded content if you have an account and are logged in to that website.<\/p><!-- \/wp:paragraph --><!-- wp:heading --><h2>Who we share your data with<\/h2><!-- \/wp:heading --><!-- wp:paragraph --><p><strong class=\"privacy-policy-tutorial\">Suggested text: <\/strong>If you request a password reset, your IP address will be included in the reset email.<\/p><!-- \/wp:paragraph --><!-- wp:heading --><h2>How long we retain your data<\/h2><!-- \/wp:heading --><!-- wp:paragraph --><p><strong class=\"privacy-policy-tutorial\">Suggested text: <\/strong>If you leave a comment, the comment and its metadata are retained indefinitely. This is so we can recognize and approve any follow-up comments automatically instead of holding them in a moderation queue.<\/p><!-- \/wp:paragraph --><!-- wp:paragraph --><p>For users that register on our website (if any), we also store the personal information they provide in their user profile. All users can see, edit, or delete their personal information at any time (except they cannot change their username). Website administrators can also see and edit that information.<\/p><!-- \/wp:paragraph --><!-- wp:heading --><h2>What rights you have over your data<\/h2><!-- \/wp:heading --><!-- wp:paragraph --><p><strong class=\"privacy-policy-tutorial\">Suggested text: <\/strong>If you have an account on this site, or have left comments, you can request to receive an exported file of the personal data we hold about you, including any data you have provided to us. You can also request that we erase any personal data we hold about you. This does not include any data we are obliged to keep for administrative, legal, or security purposes.<\/p><!-- \/wp:paragraph --><!-- wp:heading --><h2>Where your data is sent<\/h2><!-- \/wp:heading --><!-- wp:paragraph --><p><strong class=\"privacy-policy-tutorial\">Suggested text: <\/strong>Visitor comments may be checked through an automated spam detection service.<\/p><!-- \/wp:paragraph -->","_et_gb_content_width":"","footnotes":""},"class_list":["post-3","page","type-page","status-publish","hentry"],"_links":{"self":[{"href":"https:\/\/nakiservices.ml\/index.php?rest_route=\/wp\/v2\/pages\/3","targetHints":{"allow":["GET"]}}],"collection":[{"href":"https:\/\/nakiservices.ml\/index.php?rest_route=\/wp\/v2\/pages"}],"about":[{"href":"https:\/\/nakiservices.ml\/index.php?rest_route=\/wp\/v2\/types\/page"}],"author":[{"embeddable":true,"href":"https:\/\/nakiservices.ml\/index.php?rest_route=\/wp\/v2\/users\/1"}],"replies":[{"embeddable":true,"href":"https:\/\/nakiservices.ml\/index.php?rest_route=%2Fwp%2Fv2%2Fcomments&post=3"}],"version-history":[{"count":11,"href":"https:\/\/nakiservices.ml\/index.php?rest_route=\/wp\/v2\/pages\/3\/revisions"}],"predecessor-version":[{"id":272,"href":"https:\/\/nakiservices.ml\/index.php?rest_route=\/wp\/v2\/pages\/3\/revisions\/272"}],"wp:attachment":[{"href":"https:\/\/nakiservices.ml\/index.php?rest_route=%2Fwp%2Fv2%2Fmedia&parent=3"}],"curies":[{"name":"wp","href":"https:\/\/api.w.org\/{rel}","templated":true}]}}